{"id":7253,"date":"2015-01-05T16:57:27","date_gmt":"2015-01-05T13:57:27","guid":{"rendered":"https:\/\/www.epcc.ee\/\/?page_id=7253"},"modified":"2020-06-11T13:32:43","modified_gmt":"2020-06-11T10:32:43","slug":"le-choeur-de-chambre-philharmonique-estonien","status":"publish","type":"page","link":"https:\/\/www.epcc.ee\/en\/bio\/le-choeur-de-chambre-philharmonique-estonien\/","title":{"rendered":"Le Ch\u0153ur de chambre philharmonique d\u2019Estonie"},"content":{"rendered":"<p><strong>Le <\/strong><strong>Ch\u0153ur de chambre philharmonique d\u2019Estonie<\/strong><strong>\u00a0<\/strong>est un ensemble vocal professionnel de renomm\u00e9e internationale. Fond\u00e9 en 1981 par le chef estonien T\u00f5nu Kaljuste, il le diriga alors pendant deux d\u00e9cennies.\u00a0 La direction musicale et artistique du Ch\u0153ur est ensuite reprise de 2001 \u00e0 2007 par le chef britannique Paul Hillier, lui-m\u00eame \u00a0succ\u00e9d\u00e9 par le chef n\u00e9erlandais Daniel Reuss de 2008 \u00e0 2013. Le chef letton Kaspars Putni\u0146\u0161 exerce la fonction de chef de ch\u0153ur et de directeur artistique depuis la saison 2014\/2015.<\/p>\n<p>Le Ch\u0153ur interpr\u00e8te un vaste r\u00e9pertoire allant du chant gr\u00e9gorien \u00e0 la musique chorale du 21\u00e8me si\u00e8cle. Une attention particuli\u00e8re est accord\u00e9e aux \u0153uvres des compositeurs estoniens comme Arvo P\u00e4rt, Veljo Tormis, Erkki-Sven T\u00fc\u00fcr, Galina Grigorjeva, Toivo Tulev, T\u00f5nu K\u00f5rvits, Helena Tulve et \u00e0 leur diffusion dans le monde. \u00a0Le Ch\u0153ur \u00a0se produit r\u00e9guli\u00e8rement en Estonie et \u00e0 l\u2019\u00e9tranger, donnant 60 \u00e0 70 concerts par saison.<\/p>\n<p>Le Ch\u0153ur \u00a0de chambre philharmonique d\u2019Estonie a collabor\u00e9 avec de nombreux orchestres comme l\u2019Orchestre symphonique de Londres, l\u2019Orchestre de chambre Mahler, le Salzburg Camerata, Les Musiciens du Louvre-Grenoble, le BBC\u00a0National Orchestra of\u00a0Wales, l\u2019Orchestre de la Radio de Frankfort, Sarasota Orkester, La Philharmonie de Los Angeles, Hong Kong Sinfonietta, Philip Glass Ensemble et\u00a0 les \u00a0orchestres de chambre de B\u00e2le, de Norv\u00e8ge, d\u2019Australie, de Lituanie, de Prague et de Stuttgart, l\u2019Orchestre National Symphonique d\u2019Estonie ainsi que \u00a0l\u2019Orchestre de chambre de Tallinn, son\u00a0 collaborateur de longue date.<\/p>\n<p>Les chefs d\u2019orchestre les plus r\u00e9put\u00e9s l\u2019ont dirig\u00e9 :\u00a0Claudio Abbado, Helmuth Rilling, Eric Ericson, Neeme J\u00e4rvi, Paavo J\u00e4rvi, Roland B\u00f6er, Frieder Bernius, Louis Langr\u00e9e, Stephen Layton, Marc Minkowski, Christoph Poppen, sir Colin Davis, Paul McCreesh, Andr\u00e9s Orozco-Estrada, Mirga\u00a0Gra\u017einyt\u0117\u00ad-Tyla, Gustavo Dudamel, Peter Phillips, Richard Tognetti et bien d\u2019autres.<\/p>\n<p>Le Ch\u0153ur de chambre philharmonique d\u2019Estonie a \u00e9t\u00e9\u00a0 l\u2019invit\u00e9\u00a0 des \u00a0plus grands festivals de musique tels \u00a0que le BBC Proms, la Semaine Mozart \u00e0 Salzburg, Vale of Glamorgan Festival \u00e0 Cardiff, le festival Cervantino \u00e0 Mexico, le Schleswig-Holstein Musik Festival, le Festival d\u2019Aix-en-Provence et il s\u2019est produit dans des salles de concert les plus prestigieuses comme \u00a0l\u2019Op\u00e9ra de Sydney, le Musikverein de Vienne, le Palau de la Musica Catalana, la Philharmonie de Paris, l\u2019Esplanade de Singapour, LSO St Luke&#8217;s de Londres, \u00a0le Kennedy Center, le Carnegie Hall, le Lincoln Centre, le Metropolitan Museum of Art, Le Walt Disney Concert Hall \u00e0 Los Angeles et d\u2019autres.<\/p>\n<p>Dans son travail, le Ch\u0153ur accorde une place importante aux enregistrements en collaborant avec les maisons de disques comme ECM, Virgin Classics, Carus, Harmonia Mundi, BIS et\u00a0 Ondine. A deux reprises, le Ch\u0153ur a \u00e9t\u00e9 recompens\u00e9 par un Grammy Award: \u00a0en 2007 pour \u201eArvo P\u00e4rt. Da Pacem\u201d, dirig\u00e9 par Paul Hillier (Harmonia Mundi) et en 2014 pour \u201eArvo P\u00e4rt. Adam\u2019s Lament\u201d, dirig\u00e9 par T\u00f5nu Kaljuste (ECM). \u00a0Au total, les enregistrements du Ch\u0153ur ont \u00e9t\u00e9 nomin\u00e9s 15 fois aux Grammy Awards. En 2018, l\u2019enregistrement de \u201eSchnittke &amp; P\u00e4rt- Choral Works\u201c, dirig\u00e9 par Kaspars Putni\u0146\u0161 (BIS) a re\u00e7u le prestigieux Gramophone Award. Ses enregistrements ont \u00a0\u00e9galement obtenu de nombreux autres prix dont le Diapason d\u2019or, le Preis der Deutschen Schallplattenkritik, le Danish Music Award et le Choc de l\u2019Ann\u00e9e Classica 2014.<\/p>\n<p>&nbsp;<\/p>\n","protected":false},"excerpt":{"rendered":"<p>Le Ch\u0153ur de chambre philharmonique d\u2019Estonie\u00a0est un ensemble vocal professionnel de renomm\u00e9e internationale. Fond\u00e9 en 1981 par le chef estonien T\u00f5nu Kaljuste, il le diriga alors pendant deux d\u00e9cennies.\u00a0 La direction musicale et artistique du Ch\u0153ur est ensuite reprise de 2001 \u00e0 2007 par le chef britannique Paul Hillier, lui-m\u00eame \u00a0succ\u00e9d\u00e9 par le chef n\u00e9erlandais [&hellip;]<\/p>\n","protected":false},"author":2,"featured_media":0,"parent":4788,"menu_order":0,"comment_status":"closed","ping_status":"closed","template":"","meta":{"_acf_changed":false,"footnotes":""},"class_list":["post-7253","page","type-page","status-publish","hentry"],"acf":[],"yoast_head":"<!-- This site is optimized with the Yoast SEO plugin v26.3 - https:\/\/yoast.com\/wordpress\/plugins\/seo\/ -->\n<title>Le Ch\u0153ur de chambre philharmonique d\u2019Estonie - Estonian Philharmonic Chamber Choir<\/title>\n<meta name=\"robots\" content=\"index, follow, max-snippet:-1, max-image-preview:large, max-video-preview:-1\" \/>\n<link rel=\"canonical\" href=\"https:\/\/www.epcc.ee\/en\/bio\/le-choeur-de-chambre-philharmonique-estonien\/\" \/>\n<meta property=\"og:locale\" content=\"en_US\" \/>\n<meta property=\"og:type\" content=\"article\" \/>\n<meta property=\"og:title\" content=\"Le Ch\u0153ur de chambre philharmonique d\u2019Estonie - Estonian Philharmonic Chamber Choir\" \/>\n<meta property=\"og:description\" content=\"Le Ch\u0153ur de chambre philharmonique d\u2019Estonie\u00a0est un ensemble vocal professionnel de renomm\u00e9e internationale. Fond\u00e9 en 1981 par le chef estonien T\u00f5nu Kaljuste, il le diriga alors pendant deux d\u00e9cennies.\u00a0 La direction musicale et artistique du Ch\u0153ur est ensuite reprise de 2001 \u00e0 2007 par le chef britannique Paul Hillier, lui-m\u00eame \u00a0succ\u00e9d\u00e9 par le chef n\u00e9erlandais [&hellip;]\" \/>\n<meta property=\"og:url\" content=\"https:\/\/www.epcc.ee\/en\/bio\/le-choeur-de-chambre-philharmonique-estonien\/\" \/>\n<meta property=\"og:site_name\" content=\"Estonian Philharmonic Chamber Choir\" \/>\n<meta property=\"article:publisher\" content=\"https:\/\/www.facebook.com\/kammerkoor\/\" \/>\n<meta property=\"article:modified_time\" content=\"2020-06-11T10:32:43+00:00\" \/>\n<meta property=\"og:image\" content=\"https:\/\/www.epcc.ee\/wp-content\/uploads\/2015\/05\/home_katlas.jpg\" \/>\n\t<meta property=\"og:image:width\" content=\"1920\" \/>\n\t<meta property=\"og:image:height\" content=\"720\" \/>\n\t<meta property=\"og:image:type\" content=\"image\/jpeg\" \/>\n<meta name=\"twitter:card\" content=\"summary_large_image\" \/>\n<meta name=\"twitter:label1\" content=\"Est. reading time\" \/>\n\t<meta name=\"twitter:data1\" content=\"3 minutes\" \/>\n<script type=\"application\/ld+json\" class=\"yoast-schema-graph\">{\"@context\":\"https:\/\/schema.org\",\"@graph\":[{\"@type\":\"WebPage\",\"@id\":\"https:\/\/www.epcc.ee\/en\/bio\/le-choeur-de-chambre-philharmonique-estonien\/\",\"url\":\"https:\/\/www.epcc.ee\/en\/bio\/le-choeur-de-chambre-philharmonique-estonien\/\",\"name\":\"Le Ch\u0153ur de chambre philharmonique d\u2019Estonie - Estonian Philharmonic Chamber Choir\",\"isPartOf\":{\"@id\":\"https:\/\/www.epcc.ee\/#website\"},\"datePublished\":\"2015-01-05T13:57:27+00:00\",\"dateModified\":\"2020-06-11T10:32:43+00:00\",\"breadcrumb\":{\"@id\":\"https:\/\/www.epcc.ee\/en\/bio\/le-choeur-de-chambre-philharmonique-estonien\/#breadcrumb\"},\"inLanguage\":\"en-US\",\"potentialAction\":[{\"@type\":\"ReadAction\",\"target\":[\"https:\/\/www.epcc.ee\/en\/bio\/le-choeur-de-chambre-philharmonique-estonien\/\"]}]},{\"@type\":\"BreadcrumbList\",\"@id\":\"https:\/\/www.epcc.ee\/en\/bio\/le-choeur-de-chambre-philharmonique-estonien\/#breadcrumb\",\"itemListElement\":[{\"@type\":\"ListItem\",\"position\":1,\"name\":\"Home\",\"item\":\"https:\/\/www.epcc.ee\/\"},{\"@type\":\"ListItem\",\"position\":2,\"name\":\"Bio\",\"item\":\"https:\/\/www.epcc.ee\/en\/bio\/\"},{\"@type\":\"ListItem\",\"position\":3,\"name\":\"Le Ch\u0153ur de chambre philharmonique d\u2019Estonie\"}]},{\"@type\":\"WebSite\",\"@id\":\"https:\/\/www.epcc.ee\/#website\",\"url\":\"https:\/\/www.epcc.ee\/\",\"name\":\"Eesti Filharmoonia Kammerkoor\",\"description\":\"\",\"publisher\":{\"@id\":\"https:\/\/www.epcc.ee\/#organization\"},\"potentialAction\":[{\"@type\":\"SearchAction\",\"target\":{\"@type\":\"EntryPoint\",\"urlTemplate\":\"https:\/\/www.epcc.ee\/?s={search_term_string}\"},\"query-input\":{\"@type\":\"PropertyValueSpecification\",\"valueRequired\":true,\"valueName\":\"search_term_string\"}}],\"inLanguage\":\"en-US\"},{\"@type\":\"Organization\",\"@id\":\"https:\/\/www.epcc.ee\/#organization\",\"name\":\"Eesti Filharmoonia Kammerkoor\",\"url\":\"https:\/\/www.epcc.ee\/\",\"logo\":{\"@type\":\"ImageObject\",\"inLanguage\":\"en-US\",\"@id\":\"https:\/\/www.epcc.ee\/#\/schema\/logo\/image\/\",\"url\":\"https:\/\/www.epcc.ee\/wp-content\/uploads\/2020\/10\/EFK-logo-2020-est-RGB-png.png\",\"contentUrl\":\"https:\/\/www.epcc.ee\/wp-content\/uploads\/2020\/10\/EFK-logo-2020-est-RGB-png.png\",\"width\":866,\"height\":247,\"caption\":\"Eesti Filharmoonia Kammerkoor\"},\"image\":{\"@id\":\"https:\/\/www.epcc.ee\/#\/schema\/logo\/image\/\"},\"sameAs\":[\"https:\/\/www.facebook.com\/kammerkoor\/\",\"https:\/\/www.youtube.com\/user\/epccclassics\"]}]}<\/script>\n<!-- \/ Yoast SEO plugin. -->","yoast_head_json":{"title":"Le Ch\u0153ur de chambre philharmonique d\u2019Estonie - Estonian Philharmonic Chamber Choir","robots":{"index":"index","follow":"follow","max-snippet":"max-snippet:-1","max-image-preview":"max-image-preview:large","max-video-preview":"max-video-preview:-1"},"canonical":"https:\/\/www.epcc.ee\/en\/bio\/le-choeur-de-chambre-philharmonique-estonien\/","og_locale":"en_US","og_type":"article","og_title":"Le Ch\u0153ur de chambre philharmonique d\u2019Estonie - Estonian Philharmonic Chamber Choir","og_description":"Le Ch\u0153ur de chambre philharmonique d\u2019Estonie\u00a0est un ensemble vocal professionnel de renomm\u00e9e internationale. Fond\u00e9 en 1981 par le chef estonien T\u00f5nu Kaljuste, il le diriga alors pendant deux d\u00e9cennies.\u00a0 La direction musicale et artistique du Ch\u0153ur est ensuite reprise de 2001 \u00e0 2007 par le chef britannique Paul Hillier, lui-m\u00eame \u00a0succ\u00e9d\u00e9 par le chef n\u00e9erlandais [&hellip;]","og_url":"https:\/\/www.epcc.ee\/en\/bio\/le-choeur-de-chambre-philharmonique-estonien\/","og_site_name":"Estonian Philharmonic Chamber Choir","article_publisher":"https:\/\/www.facebook.com\/kammerkoor\/","article_modified_time":"2020-06-11T10:32:43+00:00","og_image":[{"width":1920,"height":720,"url":"https:\/\/www.epcc.ee\/wp-content\/uploads\/2015\/05\/home_katlas.jpg","type":"image\/jpeg"}],"twitter_card":"summary_large_image","twitter_misc":{"Est. reading time":"3 minutes"},"schema":{"@context":"https:\/\/schema.org","@graph":[{"@type":"WebPage","@id":"https:\/\/www.epcc.ee\/en\/bio\/le-choeur-de-chambre-philharmonique-estonien\/","url":"https:\/\/www.epcc.ee\/en\/bio\/le-choeur-de-chambre-philharmonique-estonien\/","name":"Le Ch\u0153ur de chambre philharmonique d\u2019Estonie - Estonian Philharmonic Chamber Choir","isPartOf":{"@id":"https:\/\/www.epcc.ee\/#website"},"datePublished":"2015-01-05T13:57:27+00:00","dateModified":"2020-06-11T10:32:43+00:00","breadcrumb":{"@id":"https:\/\/www.epcc.ee\/en\/bio\/le-choeur-de-chambre-philharmonique-estonien\/#breadcrumb"},"inLanguage":"en-US","potentialAction":[{"@type":"ReadAction","target":["https:\/\/www.epcc.ee\/en\/bio\/le-choeur-de-chambre-philharmonique-estonien\/"]}]},{"@type":"BreadcrumbList","@id":"https:\/\/www.epcc.ee\/en\/bio\/le-choeur-de-chambre-philharmonique-estonien\/#breadcrumb","itemListElement":[{"@type":"ListItem","position":1,"name":"Home","item":"https:\/\/www.epcc.ee\/"},{"@type":"ListItem","position":2,"name":"Bio","item":"https:\/\/www.epcc.ee\/en\/bio\/"},{"@type":"ListItem","position":3,"name":"Le Ch\u0153ur de chambre philharmonique d\u2019Estonie"}]},{"@type":"WebSite","@id":"https:\/\/www.epcc.ee\/#website","url":"https:\/\/www.epcc.ee\/","name":"Eesti Filharmoonia Kammerkoor","description":"","publisher":{"@id":"https:\/\/www.epcc.ee\/#organization"},"potentialAction":[{"@type":"SearchAction","target":{"@type":"EntryPoint","urlTemplate":"https:\/\/www.epcc.ee\/?s={search_term_string}"},"query-input":{"@type":"PropertyValueSpecification","valueRequired":true,"valueName":"search_term_string"}}],"inLanguage":"en-US"},{"@type":"Organization","@id":"https:\/\/www.epcc.ee\/#organization","name":"Eesti Filharmoonia Kammerkoor","url":"https:\/\/www.epcc.ee\/","logo":{"@type":"ImageObject","inLanguage":"en-US","@id":"https:\/\/www.epcc.ee\/#\/schema\/logo\/image\/","url":"https:\/\/www.epcc.ee\/wp-content\/uploads\/2020\/10\/EFK-logo-2020-est-RGB-png.png","contentUrl":"https:\/\/www.epcc.ee\/wp-content\/uploads\/2020\/10\/EFK-logo-2020-est-RGB-png.png","width":866,"height":247,"caption":"Eesti Filharmoonia Kammerkoor"},"image":{"@id":"https:\/\/www.epcc.ee\/#\/schema\/logo\/image\/"},"sameAs":["https:\/\/www.facebook.com\/kammerkoor\/","https:\/\/www.youtube.com\/user\/epccclassics"]}]}},"_links":{"self":[{"href":"https:\/\/www.epcc.ee\/en\/wp-json\/wp\/v2\/pages\/7253","targetHints":{"allow":["GET"]}}],"collection":[{"href":"https:\/\/www.epcc.ee\/en\/wp-json\/wp\/v2\/pages"}],"about":[{"href":"https:\/\/www.epcc.ee\/en\/wp-json\/wp\/v2\/types\/page"}],"author":[{"embeddable":true,"href":"https:\/\/www.epcc.ee\/en\/wp-json\/wp\/v2\/users\/2"}],"replies":[{"embeddable":true,"href":"https:\/\/www.epcc.ee\/en\/wp-json\/wp\/v2\/comments?post=7253"}],"version-history":[{"count":0,"href":"https:\/\/www.epcc.ee\/en\/wp-json\/wp\/v2\/pages\/7253\/revisions"}],"up":[{"embeddable":true,"href":"https:\/\/www.epcc.ee\/en\/wp-json\/wp\/v2\/pages\/4788"}],"wp:attachment":[{"href":"https:\/\/www.epcc.ee\/en\/wp-json\/wp\/v2\/media?parent=7253"}],"curies":[{"name":"wp","href":"https:\/\/api.w.org\/{rel}","templated":true}]}}