{"id":17810,"date":"2021-04-24T14:46:55","date_gmt":"2021-04-24T11:46:55","guid":{"rendered":"https:\/\/www.epcc.ee\/?page_id=17810"},"modified":"2024-11-05T14:59:38","modified_gmt":"2024-11-05T12:59:38","slug":"circle-of-epcc","status":"publish","type":"page","link":"https:\/\/www.epcc.ee\/en\/support-us\/circle-of-epcc\/","title":{"rendered":"Circle of EPCC"},"content":{"rendered":"<p>&nbsp;<\/p>\n<div class=\"row md-flex\">\n<div class=\"col-sm-12 col-md-8\">\n<h2>The Circle of EPCC Supporters<\/h2>\n<p>is an association that was founded with a purpose to provide financial support for the activities of EPCC. The general idea of the Circle of EPCC is to create an extended network of like-minded patrons and fellow-thinkers who contribute to the sustainability of EPCC and thereby also to the development and furtherance of Estonian music and cultural heritage. The Circle of EPCC allow us to bring together our donors and to show them our appreciation for kindness.<\/p>\n<p><strong>Becoming a member<\/strong> of the Circle of EPCC is a great opportunity to be personally included in our community and to follow the journey of the choir through the entire season. The members have the opportunity to get together at first-class concerts, club evenings, to be invited to the festive gatherings of the EPCC\u2019s concert season, to enjoy our new recordings and have the insider\u2019s view to the choir\u2019s musical projects.<\/p>\n<p>You can join the Circle of EPCC starting from a donation of <strong>200\u20ac per year<\/strong>. In order to join, please send an email with your contact information to <a href=\"mailto:annika.kuuda@epcc.ee\"><strong>annika.kuuda@epcc.ee<\/strong><\/a> and make a one-time or recurring donation in an amount of your choice. We will contact you personally to confirm your membership. Thank you and we look forward to meeting you in our circle!<\/p>\n<\/div>\n<div class=\"col-sm-12 col-md-4\">\n<p><img loading=\"lazy\" decoding=\"async\" class=\"alignnone size-large wp-image-18082\" src=\"https:\/\/www.epcc.ee\/wp-content\/uploads\/2021\/05\/dirigent-tonu-kaljuste-ja-efk-festivalil-wratislavia-cantans-foto-boguslaw-beszlej-600x600.jpg\" alt=\"\" width=\"400\" height=\"400\" srcset=\"https:\/\/www.epcc.ee\/wp-content\/uploads\/2021\/05\/dirigent-tonu-kaljuste-ja-efk-festivalil-wratislavia-cantans-foto-boguslaw-beszlej-600x600.jpg 600w, https:\/\/www.epcc.ee\/wp-content\/uploads\/2021\/05\/dirigent-tonu-kaljuste-ja-efk-festivalil-wratislavia-cantans-foto-boguslaw-beszlej-300x300.jpg 300w, https:\/\/www.epcc.ee\/wp-content\/uploads\/2021\/05\/dirigent-tonu-kaljuste-ja-efk-festivalil-wratislavia-cantans-foto-boguslaw-beszlej-100x100.jpg 100w, https:\/\/www.epcc.ee\/wp-content\/uploads\/2021\/05\/dirigent-tonu-kaljuste-ja-efk-festivalil-wratislavia-cantans-foto-boguslaw-beszlej-768x768.jpg 768w, https:\/\/www.epcc.ee\/wp-content\/uploads\/2021\/05\/dirigent-tonu-kaljuste-ja-efk-festivalil-wratislavia-cantans-foto-boguslaw-beszlej.jpg 1100w\" sizes=\"auto, (max-width: 400px) 100vw, 400px\" \/><\/p>\n<p class=\"wp-caption-text\">EPCC performing Arvo P\u00e4rt\u2019s \u201eKanon pokajanen\u201d under conductor T\u00f5nu Kaljuste at Wratislavia Cantans Festival in Wroc\u0142aw University church, Poland. Photo: Bogus\u0142aw Besz\u0142ej<\/p>\n<\/div>\n<\/div>\n<p>&nbsp;<\/p>\n<p><a class=\"btn btn-primary btn-sm\" style=\"text-decoration: none !important;\" data-fancybox=\"\" data-type=\"iframe\" data-src=\"https:\/\/www.epcc.ee\/donation-en.php\">Donate<\/a><br \/>\n<!-- <a class=\"btn btn-primary btn-sm\" style=\"text-decoration: none !important;\" data-fancybox=\"\" data-type=\"iframe\" data-src=\"https:\/\/www.epcc.ee\/donation-en.php\">Donate<\/a>\n<a class=\"btn btn-primary btn-sm hide\" style=\"text-decoration: none !important;\" href=\"https:\/\/www.epcc.ee\/toetajale\/annetajale\/\">Join and donate<\/a>\n<a class=\"btn btn-primary btn-sm\" style=\"text-decoration: none !important;\" data-fancybox=\"\" data-type=\"iframe\" data-src=\"https:\/\/www.epcc.ee\/donation\/Donate\/english\/Soovin_liituda_EFK_toetajate_ringiga\/toetajate_ring\">Join and donate<\/a> --><\/p>\n<p>If you have any questions, please feel free to contact Annika Kuuda, Partnership Manager at the EPCC, either by phone at: +372 56639399 or by email at: <a href=\"mailto:annika.kuuda@epcc.ee\">annika.kuuda@epcc.ee<\/a><\/p>\n","protected":false},"excerpt":{"rendered":"<p>&nbsp; The Circle of EPCC Supporters is an association that was founded with a purpose to provide financial support for the activities of EPCC. The general idea of the Circle of EPCC is to create an extended network of like-minded patrons and fellow-thinkers who contribute to the sustainability of EPCC and thereby also to the [&hellip;]<\/p>\n","protected":false},"author":2,"featured_media":17797,"parent":17806,"menu_order":0,"comment_status":"closed","ping_status":"closed","template":"","meta":{"_acf_changed":false,"footnotes":""},"class_list":["post-17810","page","type-page","status-publish","has-post-thumbnail","hentry"],"acf":[],"yoast_head":"<!-- This site is optimized with the Yoast SEO plugin v26.3 - https:\/\/yoast.com\/wordpress\/plugins\/seo\/ -->\n<title>Circle of EPCC - Estonian Philharmonic Chamber Choir<\/title>\n<meta name=\"robots\" content=\"index, follow, max-snippet:-1, max-image-preview:large, max-video-preview:-1\" \/>\n<link rel=\"canonical\" href=\"https:\/\/www.epcc.ee\/en\/support-us\/circle-of-epcc\/\" \/>\n<meta property=\"og:locale\" content=\"en_US\" \/>\n<meta property=\"og:type\" content=\"article\" \/>\n<meta property=\"og:title\" content=\"Circle of EPCC - Estonian Philharmonic Chamber Choir\" \/>\n<meta property=\"og:description\" content=\"&nbsp; The Circle of EPCC Supporters is an association that was founded with a purpose to provide financial support for the activities of EPCC. The general idea of the Circle of EPCC is to create an extended network of like-minded patrons and fellow-thinkers who contribute to the sustainability of EPCC and thereby also to the [&hellip;]\" \/>\n<meta property=\"og:url\" content=\"https:\/\/www.epcc.ee\/en\/support-us\/circle-of-epcc\/\" \/>\n<meta property=\"og:site_name\" content=\"Estonian Philharmonic Chamber Choir\" \/>\n<meta property=\"article:publisher\" content=\"https:\/\/www.facebook.com\/kammerkoor\/\" \/>\n<meta property=\"article:modified_time\" content=\"2024-11-05T12:59:38+00:00\" \/>\n<meta property=\"og:image\" content=\"https:\/\/www.epcc.ee\/wp-content\/uploads\/2021\/04\/banner-toetajale-toetajate-ring.jpg\" \/>\n\t<meta property=\"og:image:width\" content=\"1920\" \/>\n\t<meta property=\"og:image:height\" content=\"580\" \/>\n\t<meta property=\"og:image:type\" content=\"image\/jpeg\" \/>\n<meta name=\"twitter:card\" content=\"summary_large_image\" \/>\n<meta name=\"twitter:label1\" content=\"Est. reading time\" \/>\n\t<meta name=\"twitter:data1\" content=\"2 minutes\" \/>\n<script type=\"application\/ld+json\" class=\"yoast-schema-graph\">{\"@context\":\"https:\/\/schema.org\",\"@graph\":[{\"@type\":\"WebPage\",\"@id\":\"https:\/\/www.epcc.ee\/en\/support-us\/circle-of-epcc\/\",\"url\":\"https:\/\/www.epcc.ee\/en\/support-us\/circle-of-epcc\/\",\"name\":\"Circle of EPCC - Estonian Philharmonic Chamber Choir\",\"isPartOf\":{\"@id\":\"https:\/\/www.epcc.ee\/#website\"},\"primaryImageOfPage\":{\"@id\":\"https:\/\/www.epcc.ee\/en\/support-us\/circle-of-epcc\/#primaryimage\"},\"image\":{\"@id\":\"https:\/\/www.epcc.ee\/en\/support-us\/circle-of-epcc\/#primaryimage\"},\"thumbnailUrl\":\"https:\/\/www.epcc.ee\/wp-content\/uploads\/2021\/04\/banner-toetajale-toetajate-ring.jpg\",\"datePublished\":\"2021-04-24T11:46:55+00:00\",\"dateModified\":\"2024-11-05T12:59:38+00:00\",\"breadcrumb\":{\"@id\":\"https:\/\/www.epcc.ee\/en\/support-us\/circle-of-epcc\/#breadcrumb\"},\"inLanguage\":\"en-US\",\"potentialAction\":[{\"@type\":\"ReadAction\",\"target\":[\"https:\/\/www.epcc.ee\/en\/support-us\/circle-of-epcc\/\"]}]},{\"@type\":\"ImageObject\",\"inLanguage\":\"en-US\",\"@id\":\"https:\/\/www.epcc.ee\/en\/support-us\/circle-of-epcc\/#primaryimage\",\"url\":\"https:\/\/www.epcc.ee\/wp-content\/uploads\/2021\/04\/banner-toetajale-toetajate-ring.jpg\",\"contentUrl\":\"https:\/\/www.epcc.ee\/wp-content\/uploads\/2021\/04\/banner-toetajale-toetajate-ring.jpg\",\"width\":1920,\"height\":580,\"caption\":\"Conductor T\u00f5nu Kaljuste, producer of the Tallinn Chamber Orchestra, Kaido Kelder and the Board Member of the EPCC, Esper Linnam\u00e4gi participating in panel discussion at the Liszt Academy, Budapest, Hungary. 2018. Photo: Zolt\u00e1n Adri\u00e1n\"},{\"@type\":\"BreadcrumbList\",\"@id\":\"https:\/\/www.epcc.ee\/en\/support-us\/circle-of-epcc\/#breadcrumb\",\"itemListElement\":[{\"@type\":\"ListItem\",\"position\":1,\"name\":\"Home\",\"item\":\"https:\/\/www.epcc.ee\/\"},{\"@type\":\"ListItem\",\"position\":2,\"name\":\"Support us\",\"item\":\"https:\/\/www.epcc.ee\/en\/support-us\/\"},{\"@type\":\"ListItem\",\"position\":3,\"name\":\"Circle of EPCC\"}]},{\"@type\":\"WebSite\",\"@id\":\"https:\/\/www.epcc.ee\/#website\",\"url\":\"https:\/\/www.epcc.ee\/\",\"name\":\"Eesti Filharmoonia Kammerkoor\",\"description\":\"\",\"publisher\":{\"@id\":\"https:\/\/www.epcc.ee\/#organization\"},\"potentialAction\":[{\"@type\":\"SearchAction\",\"target\":{\"@type\":\"EntryPoint\",\"urlTemplate\":\"https:\/\/www.epcc.ee\/?s={search_term_string}\"},\"query-input\":{\"@type\":\"PropertyValueSpecification\",\"valueRequired\":true,\"valueName\":\"search_term_string\"}}],\"inLanguage\":\"en-US\"},{\"@type\":\"Organization\",\"@id\":\"https:\/\/www.epcc.ee\/#organization\",\"name\":\"Eesti Filharmoonia Kammerkoor\",\"url\":\"https:\/\/www.epcc.ee\/\",\"logo\":{\"@type\":\"ImageObject\",\"inLanguage\":\"en-US\",\"@id\":\"https:\/\/www.epcc.ee\/#\/schema\/logo\/image\/\",\"url\":\"https:\/\/www.epcc.ee\/wp-content\/uploads\/2020\/10\/EFK-logo-2020-est-RGB-png.png\",\"contentUrl\":\"https:\/\/www.epcc.ee\/wp-content\/uploads\/2020\/10\/EFK-logo-2020-est-RGB-png.png\",\"width\":866,\"height\":247,\"caption\":\"Eesti Filharmoonia Kammerkoor\"},\"image\":{\"@id\":\"https:\/\/www.epcc.ee\/#\/schema\/logo\/image\/\"},\"sameAs\":[\"https:\/\/www.facebook.com\/kammerkoor\/\",\"https:\/\/www.youtube.com\/user\/epccclassics\"]}]}<\/script>\n<!-- \/ Yoast SEO plugin. -->","yoast_head_json":{"title":"Circle of EPCC - Estonian Philharmonic Chamber Choir","robots":{"index":"index","follow":"follow","max-snippet":"max-snippet:-1","max-image-preview":"max-image-preview:large","max-video-preview":"max-video-preview:-1"},"canonical":"https:\/\/www.epcc.ee\/en\/support-us\/circle-of-epcc\/","og_locale":"en_US","og_type":"article","og_title":"Circle of EPCC - Estonian Philharmonic Chamber Choir","og_description":"&nbsp; The Circle of EPCC Supporters is an association that was founded with a purpose to provide financial support for the activities of EPCC. The general idea of the Circle of EPCC is to create an extended network of like-minded patrons and fellow-thinkers who contribute to the sustainability of EPCC and thereby also to the [&hellip;]","og_url":"https:\/\/www.epcc.ee\/en\/support-us\/circle-of-epcc\/","og_site_name":"Estonian Philharmonic Chamber Choir","article_publisher":"https:\/\/www.facebook.com\/kammerkoor\/","article_modified_time":"2024-11-05T12:59:38+00:00","og_image":[{"width":1920,"height":580,"url":"https:\/\/www.epcc.ee\/wp-content\/uploads\/2021\/04\/banner-toetajale-toetajate-ring.jpg","type":"image\/jpeg"}],"twitter_card":"summary_large_image","twitter_misc":{"Est. reading time":"2 minutes"},"schema":{"@context":"https:\/\/schema.org","@graph":[{"@type":"WebPage","@id":"https:\/\/www.epcc.ee\/en\/support-us\/circle-of-epcc\/","url":"https:\/\/www.epcc.ee\/en\/support-us\/circle-of-epcc\/","name":"Circle of EPCC - Estonian Philharmonic Chamber Choir","isPartOf":{"@id":"https:\/\/www.epcc.ee\/#website"},"primaryImageOfPage":{"@id":"https:\/\/www.epcc.ee\/en\/support-us\/circle-of-epcc\/#primaryimage"},"image":{"@id":"https:\/\/www.epcc.ee\/en\/support-us\/circle-of-epcc\/#primaryimage"},"thumbnailUrl":"https:\/\/www.epcc.ee\/wp-content\/uploads\/2021\/04\/banner-toetajale-toetajate-ring.jpg","datePublished":"2021-04-24T11:46:55+00:00","dateModified":"2024-11-05T12:59:38+00:00","breadcrumb":{"@id":"https:\/\/www.epcc.ee\/en\/support-us\/circle-of-epcc\/#breadcrumb"},"inLanguage":"en-US","potentialAction":[{"@type":"ReadAction","target":["https:\/\/www.epcc.ee\/en\/support-us\/circle-of-epcc\/"]}]},{"@type":"ImageObject","inLanguage":"en-US","@id":"https:\/\/www.epcc.ee\/en\/support-us\/circle-of-epcc\/#primaryimage","url":"https:\/\/www.epcc.ee\/wp-content\/uploads\/2021\/04\/banner-toetajale-toetajate-ring.jpg","contentUrl":"https:\/\/www.epcc.ee\/wp-content\/uploads\/2021\/04\/banner-toetajale-toetajate-ring.jpg","width":1920,"height":580,"caption":"Conductor T\u00f5nu Kaljuste, producer of the Tallinn Chamber Orchestra, Kaido Kelder and the Board Member of the EPCC, Esper Linnam\u00e4gi participating in panel discussion at the Liszt Academy, Budapest, Hungary. 2018. Photo: Zolt\u00e1n Adri\u00e1n"},{"@type":"BreadcrumbList","@id":"https:\/\/www.epcc.ee\/en\/support-us\/circle-of-epcc\/#breadcrumb","itemListElement":[{"@type":"ListItem","position":1,"name":"Home","item":"https:\/\/www.epcc.ee\/"},{"@type":"ListItem","position":2,"name":"Support us","item":"https:\/\/www.epcc.ee\/en\/support-us\/"},{"@type":"ListItem","position":3,"name":"Circle of EPCC"}]},{"@type":"WebSite","@id":"https:\/\/www.epcc.ee\/#website","url":"https:\/\/www.epcc.ee\/","name":"Eesti Filharmoonia Kammerkoor","description":"","publisher":{"@id":"https:\/\/www.epcc.ee\/#organization"},"potentialAction":[{"@type":"SearchAction","target":{"@type":"EntryPoint","urlTemplate":"https:\/\/www.epcc.ee\/?s={search_term_string}"},"query-input":{"@type":"PropertyValueSpecification","valueRequired":true,"valueName":"search_term_string"}}],"inLanguage":"en-US"},{"@type":"Organization","@id":"https:\/\/www.epcc.ee\/#organization","name":"Eesti Filharmoonia Kammerkoor","url":"https:\/\/www.epcc.ee\/","logo":{"@type":"ImageObject","inLanguage":"en-US","@id":"https:\/\/www.epcc.ee\/#\/schema\/logo\/image\/","url":"https:\/\/www.epcc.ee\/wp-content\/uploads\/2020\/10\/EFK-logo-2020-est-RGB-png.png","contentUrl":"https:\/\/www.epcc.ee\/wp-content\/uploads\/2020\/10\/EFK-logo-2020-est-RGB-png.png","width":866,"height":247,"caption":"Eesti Filharmoonia Kammerkoor"},"image":{"@id":"https:\/\/www.epcc.ee\/#\/schema\/logo\/image\/"},"sameAs":["https:\/\/www.facebook.com\/kammerkoor\/","https:\/\/www.youtube.com\/user\/epccclassics"]}]}},"_links":{"self":[{"href":"https:\/\/www.epcc.ee\/en\/wp-json\/wp\/v2\/pages\/17810","targetHints":{"allow":["GET"]}}],"collection":[{"href":"https:\/\/www.epcc.ee\/en\/wp-json\/wp\/v2\/pages"}],"about":[{"href":"https:\/\/www.epcc.ee\/en\/wp-json\/wp\/v2\/types\/page"}],"author":[{"embeddable":true,"href":"https:\/\/www.epcc.ee\/en\/wp-json\/wp\/v2\/users\/2"}],"replies":[{"embeddable":true,"href":"https:\/\/www.epcc.ee\/en\/wp-json\/wp\/v2\/comments?post=17810"}],"version-history":[{"count":0,"href":"https:\/\/www.epcc.ee\/en\/wp-json\/wp\/v2\/pages\/17810\/revisions"}],"up":[{"embeddable":true,"href":"https:\/\/www.epcc.ee\/en\/wp-json\/wp\/v2\/pages\/17806"}],"wp:featuredmedia":[{"embeddable":true,"href":"https:\/\/www.epcc.ee\/en\/wp-json\/wp\/v2\/media\/17797"}],"wp:attachment":[{"href":"https:\/\/www.epcc.ee\/en\/wp-json\/wp\/v2\/media?parent=17810"}],"curies":[{"name":"wp","href":"https:\/\/api.w.org\/{rel}","templated":true}]}}